{"id":341,"date":"2023-03-30T13:50:48","date_gmt":"2023-03-30T11:50:48","guid":{"rendered":"https:\/\/www.fancyrestaurant.es\/?page_id=341"},"modified":"2023-09-25T10:19:20","modified_gmt":"2023-09-25T08:19:20","slug":"blog","status":"publish","type":"page","link":"https:\/\/www.fancyrestaurant.es\/ca\/blog\/","title":{"rendered":"Blog"},"content":{"rendered":"<div data-elementor-type=\"wp-page\" data-elementor-id=\"341\" class=\"elementor elementor-341\" data-elementor-post-type=\"page\">\n\t\t\t\t\t\t<section class=\"elementor-section elementor-top-section elementor-element elementor-element-6b867ae2 elementor-section-boxed elementor-section-height-default elementor-section-height-default\" data-id=\"6b867ae2\" data-element_type=\"section\" data-e-type=\"section\" data-settings=\"{&quot;background_background&quot;:&quot;classic&quot;}\">\n\t\t\t\t\t\t<div class=\"elementor-container elementor-column-gap-default\">\n\t\t\t\t\t<div class=\"elementor-column elementor-col-100 elementor-top-column elementor-element elementor-element-55920a0e\" data-id=\"55920a0e\" data-element_type=\"column\" data-e-type=\"column\">\n\t\t\t<div class=\"elementor-widget-wrap elementor-element-populated\">\n\t\t\t\t\t\t<div class=\"elementor-element elementor-element-1711f7e elementor-widget elementor-widget-spacer\" data-id=\"1711f7e\" data-element_type=\"widget\" data-e-type=\"widget\" data-widget_type=\"spacer.default\">\n\t\t\t\t<div class=\"elementor-widget-container\">\n\t\t\t\t\t\t\t<div class=\"elementor-spacer\">\n\t\t\t<div class=\"elementor-spacer-inner\"><\/div>\n\t\t<\/div>\n\t\t\t\t\t\t<\/div>\n\t\t\t\t<\/div>\n\t\t\t\t\t<\/div>\n\t\t<\/div>\n\t\t\t\t\t<\/div>\n\t\t<\/section>\n\t\t\t\t<section class=\"elementor-section elementor-top-section elementor-element elementor-element-6e7ac282 elementor-section-boxed elementor-section-height-default elementor-section-height-default\" data-id=\"6e7ac282\" data-element_type=\"section\" data-e-type=\"section\">\n\t\t\t\t\t\t<div class=\"elementor-container elementor-column-gap-default\">\n\t\t\t\t\t<div class=\"elementor-column elementor-col-100 elementor-top-column elementor-element elementor-element-69be8d1d\" data-id=\"69be8d1d\" data-element_type=\"column\" data-e-type=\"column\">\n\t\t\t<div class=\"elementor-widget-wrap elementor-element-populated\">\n\t\t\t\t\t\t<div class=\"elementor-element elementor-element-6ae24cd animated-slow elementor-invisible elementor-widget elementor-widget-heading\" data-id=\"6ae24cd\" data-element_type=\"widget\" data-e-type=\"widget\" data-settings=\"{&quot;_animation&quot;:&quot;fadeIn&quot;}\" data-widget_type=\"heading.default\">\n\t\t\t\t<div class=\"elementor-widget-container\">\n\t\t\t\t\t<h2 class=\"elementor-heading-title elementor-size-default\">El nostre blog<\/h2>\t\t\t\t<\/div>\n\t\t\t\t<\/div>\n\t\t\t\t<div class=\"elementor-element elementor-element-76a6a68c elementor-grid-4 elementor-grid-tablet-2 elementor-grid-mobile-1 elementor-posts--thumbnail-top elementor-card-shadow-yes elementor-posts__hover-gradient elementor-widget elementor-widget-posts\" data-id=\"76a6a68c\" data-element_type=\"widget\" data-e-type=\"widget\" data-settings=\"{&quot;cards_columns&quot;:&quot;4&quot;,&quot;pagination_type&quot;:&quot;load_more_infinite_scroll&quot;,&quot;cards_columns_tablet&quot;:&quot;2&quot;,&quot;cards_columns_mobile&quot;:&quot;1&quot;,&quot;cards_row_gap&quot;:{&quot;unit&quot;:&quot;px&quot;,&quot;size&quot;:35,&quot;sizes&quot;:[]},&quot;cards_row_gap_tablet&quot;:{&quot;unit&quot;:&quot;px&quot;,&quot;size&quot;:&quot;&quot;,&quot;sizes&quot;:[]},&quot;cards_row_gap_mobile&quot;:{&quot;unit&quot;:&quot;px&quot;,&quot;size&quot;:&quot;&quot;,&quot;sizes&quot;:[]},&quot;load_more_spinner&quot;:{&quot;value&quot;:&quot;fas fa-spinner&quot;,&quot;library&quot;:&quot;fa-solid&quot;}}\" data-widget_type=\"posts.cards\">\n\t\t\t\t<div class=\"elementor-widget-container\">\n\t\t\t\t\t\t\t<div class=\"elementor-posts-container elementor-posts elementor-posts--skin-cards elementor-grid\" role=\"list\">\n\t\t\t\t<article class=\"elementor-post elementor-grid-item post-555 post type-post status-publish format-standard has-post-thumbnail hentry category-uncategorized\" role=\"listitem\">\n\t\t\t<div class=\"elementor-post__card\">\n\t\t\t\t<a class=\"elementor-post__thumbnail__link\" href=\"https:\/\/www.fancyrestaurant.es\/ca\/secretos-de-las-hierbas-y-especias-mediterraneas\/\" tabindex=\"-1\" ><div class=\"elementor-post__thumbnail\"><img fetchpriority=\"high\" decoding=\"async\" width=\"300\" height=\"175\" src=\"https:\/\/www.fancyrestaurant.es\/wp-content\/uploads\/2023\/11\/pexels-monicore-458796-1-300x175.jpg\" class=\"attachment-medium size-medium wp-image-561\" alt=\"\" srcset=\"https:\/\/www.fancyrestaurant.es\/wp-content\/uploads\/2023\/11\/pexels-monicore-458796-1-300x175.jpg 300w, https:\/\/www.fancyrestaurant.es\/wp-content\/uploads\/2023\/11\/pexels-monicore-458796-1-1024x599.jpg 1024w, https:\/\/www.fancyrestaurant.es\/wp-content\/uploads\/2023\/11\/pexels-monicore-458796-1-768x449.jpg 768w, https:\/\/www.fancyrestaurant.es\/wp-content\/uploads\/2023\/11\/pexels-monicore-458796-1-1536x898.jpg 1536w, https:\/\/www.fancyrestaurant.es\/wp-content\/uploads\/2023\/11\/pexels-monicore-458796-1-2048x1198.jpg 2048w, https:\/\/www.fancyrestaurant.es\/wp-content\/uploads\/2023\/11\/pexels-monicore-458796-1-18x12.jpg 18w\" sizes=\"(max-width: 300px) 100vw, 300px\" \/><\/div><\/a>\n\t\t\t\t<div class=\"elementor-post__text\">\n\t\t\t\t<h3 class=\"elementor-post__title\">\n\t\t\t<a href=\"https:\/\/www.fancyrestaurant.es\/ca\/secretos-de-las-hierbas-y-especias-mediterraneas\/\" >\n\t\t\t\tSecrets de les herbes i esp\u00e8cies mediterr\u00e0nies\t\t\t<\/a>\n\t\t<\/h3>\n\t\t\t\t<div class=\"elementor-post__excerpt\">\n\t\t\t<p>La cuina mediterr\u00e0nia \u00e9s una de les m\u00e9s aclamades a nivell mundial, gr\u00e0cies a la riquesa dels aliments...<\/p>\n\t\t<\/div>\n\t\t\n\t\t<a class=\"elementor-post__read-more\" href=\"https:\/\/www.fancyrestaurant.es\/ca\/secretos-de-las-hierbas-y-especias-mediterraneas\/\" aria-label=\"Read more about Secretos de las hierbas y especias mediterr\u00e1neas\" tabindex=\"-1\" >\n\t\t\tLlegir m\u00e9s\t\t<\/a>\n\n\t\t\t\t<\/div>\n\t\t\t\t<div class=\"elementor-post__meta-data\">\n\t\t\t\t\t<span class=\"elementor-post-date\">\n\t\t\t27 de novembre de 2023\t\t<\/span>\n\t\t\t\t<\/div>\n\t\t\t\t\t<\/div>\n\t\t<\/article>\n\t\t\t\t<article class=\"elementor-post elementor-grid-item post-544 post type-post status-publish format-standard has-post-thumbnail hentry category-uncategorized\" role=\"listitem\">\n\t\t\t<div class=\"elementor-post__card\">\n\t\t\t\t<a class=\"elementor-post__thumbnail__link\" href=\"https:\/\/www.fancyrestaurant.es\/ca\/recetas-para-cocinar-en-casa-al-estilo-mediterraneo\/\" tabindex=\"-1\" ><div class=\"elementor-post__thumbnail\"><img decoding=\"async\" width=\"300\" height=\"183\" src=\"https:\/\/www.fancyrestaurant.es\/wp-content\/uploads\/2023\/10\/Diseno-sin-titulo-17-300x183.jpg\" class=\"attachment-medium size-medium wp-image-545\" alt=\"\" srcset=\"https:\/\/www.fancyrestaurant.es\/wp-content\/uploads\/2023\/10\/Diseno-sin-titulo-17-300x183.jpg 300w, https:\/\/www.fancyrestaurant.es\/wp-content\/uploads\/2023\/10\/Diseno-sin-titulo-17-1024x623.jpg 1024w, https:\/\/www.fancyrestaurant.es\/wp-content\/uploads\/2023\/10\/Diseno-sin-titulo-17-768x467.jpg 768w, https:\/\/www.fancyrestaurant.es\/wp-content\/uploads\/2023\/10\/Diseno-sin-titulo-17-18x12.jpg 18w, https:\/\/www.fancyrestaurant.es\/wp-content\/uploads\/2023\/10\/Diseno-sin-titulo-17.jpg 1150w\" sizes=\"(max-width: 300px) 100vw, 300px\" \/><\/div><\/a>\n\t\t\t\t<div class=\"elementor-post__text\">\n\t\t\t\t<h3 class=\"elementor-post__title\">\n\t\t\t<a href=\"https:\/\/www.fancyrestaurant.es\/ca\/recetas-para-cocinar-en-casa-al-estilo-mediterraneo\/\" >\n\t\t\t\tReceptes per cuinar a casa a l'estil mediterrani\t\t\t<\/a>\n\t\t<\/h3>\n\t\t\t\t<div class=\"elementor-post__excerpt\">\n\t\t\t<p>La Costa Brava no nom\u00e9s es distingeix per les seves platges paradis\u00edaques i cales pintoresques, sin\u00f3 tamb\u00e9 per la seva venerada tradici\u00f3 culin\u00e0ria mediterr\u00e0nia<\/p>\n\t\t<\/div>\n\t\t\n\t\t<a class=\"elementor-post__read-more\" href=\"https:\/\/www.fancyrestaurant.es\/ca\/recetas-para-cocinar-en-casa-al-estilo-mediterraneo\/\" aria-label=\"Read more about Recetas para cocinar en casa al estilo mediterr\u00e1neo\" tabindex=\"-1\" >\n\t\t\tLlegir m\u00e9s\t\t<\/a>\n\n\t\t\t\t<\/div>\n\t\t\t\t<div class=\"elementor-post__meta-data\">\n\t\t\t\t\t<span class=\"elementor-post-date\">\n\t\t\t26 d'octubre de 2023\t\t<\/span>\n\t\t\t\t<\/div>\n\t\t\t\t\t<\/div>\n\t\t<\/article>\n\t\t\t\t<article class=\"elementor-post elementor-grid-item post-539 post type-post status-publish format-standard has-post-thumbnail hentry category-uncategorized\" role=\"listitem\">\n\t\t\t<div class=\"elementor-post__card\">\n\t\t\t\t<a class=\"elementor-post__thumbnail__link\" href=\"https:\/\/www.fancyrestaurant.es\/ca\/el-arte-de-preparar-pescado-fresco-un-placer-mediterraneo\/\" tabindex=\"-1\" ><div class=\"elementor-post__thumbnail\"><img decoding=\"async\" width=\"300\" height=\"143\" src=\"https:\/\/www.fancyrestaurant.es\/wp-content\/uploads\/2023\/09\/PORTADA-FANCY-SETEMBRE-300x143.jpg\" class=\"attachment-medium size-medium wp-image-540\" alt=\"\" srcset=\"https:\/\/www.fancyrestaurant.es\/wp-content\/uploads\/2023\/09\/PORTADA-FANCY-SETEMBRE-300x143.jpg 300w, https:\/\/www.fancyrestaurant.es\/wp-content\/uploads\/2023\/09\/PORTADA-FANCY-SETEMBRE-1024x490.jpg 1024w, https:\/\/www.fancyrestaurant.es\/wp-content\/uploads\/2023\/09\/PORTADA-FANCY-SETEMBRE-768x367.jpg 768w, https:\/\/www.fancyrestaurant.es\/wp-content\/uploads\/2023\/09\/PORTADA-FANCY-SETEMBRE-18x9.jpg 18w, https:\/\/www.fancyrestaurant.es\/wp-content\/uploads\/2023\/09\/PORTADA-FANCY-SETEMBRE.jpg 1150w\" sizes=\"(max-width: 300px) 100vw, 300px\" \/><\/div><\/a>\n\t\t\t\t<div class=\"elementor-post__text\">\n\t\t\t\t<h3 class=\"elementor-post__title\">\n\t\t\t<a href=\"https:\/\/www.fancyrestaurant.es\/ca\/el-arte-de-preparar-pescado-fresco-un-placer-mediterraneo\/\" >\n\t\t\t\tL'art de preparar peix fresc: Un plaer mediterrani\t\t\t<\/a>\n\t\t<\/h3>\n\t\t\t\t<div class=\"elementor-post__excerpt\">\n\t\t\t<p>Al cor de la gastronomia mediterr\u00e0nia, el peix fresc ocupa un lloc privilegiat. Les aig\u00fces cristal\u00b7lines...<\/p>\n\t\t<\/div>\n\t\t\n\t\t<a class=\"elementor-post__read-more\" href=\"https:\/\/www.fancyrestaurant.es\/ca\/el-arte-de-preparar-pescado-fresco-un-placer-mediterraneo\/\" aria-label=\"Read more about El arte de preparar pescado fresco: Un placer mediterr\u00e1neo\" tabindex=\"-1\" >\n\t\t\tLlegir m\u00e9s\t\t<\/a>\n\n\t\t\t\t<\/div>\n\t\t\t\t<div class=\"elementor-post__meta-data\">\n\t\t\t\t\t<span class=\"elementor-post-date\">\n\t\t\t26 de setembre de 2023\t\t<\/span>\n\t\t\t\t<\/div>\n\t\t\t\t\t<\/div>\n\t\t<\/article>\n\t\t\t\t<article class=\"elementor-post elementor-grid-item post-527 post type-post status-publish format-standard has-post-thumbnail hentry category-uncategorized\" role=\"listitem\">\n\t\t\t<div class=\"elementor-post__card\">\n\t\t\t\t<a class=\"elementor-post__thumbnail__link\" href=\"https:\/\/www.fancyrestaurant.es\/ca\/islas-medas-en-lestartit-descubriendo-el-tesoro-escondido\/\" tabindex=\"-1\" ><div class=\"elementor-post__thumbnail\"><img loading=\"lazy\" decoding=\"async\" width=\"300\" height=\"183\" src=\"https:\/\/www.fancyrestaurant.es\/wp-content\/uploads\/2023\/08\/Diseno-sin-titulo-12-300x183.jpg\" class=\"attachment-medium size-medium wp-image-528\" alt=\"\" srcset=\"https:\/\/www.fancyrestaurant.es\/wp-content\/uploads\/2023\/08\/Diseno-sin-titulo-12-300x183.jpg 300w, https:\/\/www.fancyrestaurant.es\/wp-content\/uploads\/2023\/08\/Diseno-sin-titulo-12-1024x623.jpg 1024w, https:\/\/www.fancyrestaurant.es\/wp-content\/uploads\/2023\/08\/Diseno-sin-titulo-12-768x467.jpg 768w, https:\/\/www.fancyrestaurant.es\/wp-content\/uploads\/2023\/08\/Diseno-sin-titulo-12-18x12.jpg 18w, https:\/\/www.fancyrestaurant.es\/wp-content\/uploads\/2023\/08\/Diseno-sin-titulo-12.jpg 1150w\" sizes=\"(max-width: 300px) 100vw, 300px\" \/><\/div><\/a>\n\t\t\t\t<div class=\"elementor-post__text\">\n\t\t\t\t<h3 class=\"elementor-post__title\">\n\t\t\t<a href=\"https:\/\/www.fancyrestaurant.es\/ca\/islas-medas-en-lestartit-descubriendo-el-tesoro-escondido\/\" >\n\t\t\t\tIlles Medes a l\u2019Estartit: Descobrint el Tresor Amagat\t\t\t<\/a>\n\t\t<\/h3>\n\t\t\t\t<div class=\"elementor-post__excerpt\">\n\t\t\t<p>Situat a nom\u00e9s un quil\u00f2metre de la platja de l\u2019Estartit, l'arxip\u00e8lag de les Illes Medes emergeix com a...<\/p>\n\t\t<\/div>\n\t\t\n\t\t<a class=\"elementor-post__read-more\" href=\"https:\/\/www.fancyrestaurant.es\/ca\/islas-medas-en-lestartit-descubriendo-el-tesoro-escondido\/\" aria-label=\"Read more about Islas Medas en l\u2019Estartit: Descubriendo el Tesoro Escondido\" tabindex=\"-1\" >\n\t\t\tLlegir m\u00e9s\t\t<\/a>\n\n\t\t\t\t<\/div>\n\t\t\t\t<div class=\"elementor-post__meta-data\">\n\t\t\t\t\t<span class=\"elementor-post-date\">\n\t\t\t27 d'agost de 2023\t\t<\/span>\n\t\t\t\t<\/div>\n\t\t\t\t\t<\/div>\n\t\t<\/article>\n\t\t\t\t<article class=\"elementor-post elementor-grid-item post-522 post type-post status-publish format-standard has-post-thumbnail hentry category-uncategorized\" role=\"listitem\">\n\t\t\t<div class=\"elementor-post__card\">\n\t\t\t\t<a class=\"elementor-post__thumbnail__link\" href=\"https:\/\/www.fancyrestaurant.es\/ca\/8-vinos-ideales-para-acompanar-platos-de-la-gastronomia-mediterranea\/\" tabindex=\"-1\" ><div class=\"elementor-post__thumbnail\"><img loading=\"lazy\" decoding=\"async\" width=\"300\" height=\"107\" src=\"https:\/\/www.fancyrestaurant.es\/wp-content\/uploads\/2023\/07\/Diseno-sin-titulo-12-300x107.jpg\" class=\"attachment-medium size-medium wp-image-525\" alt=\"\" srcset=\"https:\/\/www.fancyrestaurant.es\/wp-content\/uploads\/2023\/07\/Diseno-sin-titulo-12-300x107.jpg 300w, https:\/\/www.fancyrestaurant.es\/wp-content\/uploads\/2023\/07\/Diseno-sin-titulo-12-1024x366.jpg 1024w, https:\/\/www.fancyrestaurant.es\/wp-content\/uploads\/2023\/07\/Diseno-sin-titulo-12-768x274.jpg 768w, https:\/\/www.fancyrestaurant.es\/wp-content\/uploads\/2023\/07\/Diseno-sin-titulo-12-18x6.jpg 18w, https:\/\/www.fancyrestaurant.es\/wp-content\/uploads\/2023\/07\/Diseno-sin-titulo-12.jpg 1400w\" sizes=\"(max-width: 300px) 100vw, 300px\" \/><\/div><\/a>\n\t\t\t\t<div class=\"elementor-post__text\">\n\t\t\t\t<h3 class=\"elementor-post__title\">\n\t\t\t<a href=\"https:\/\/www.fancyrestaurant.es\/ca\/8-vinos-ideales-para-acompanar-platos-de-la-gastronomia-mediterranea\/\" >\n\t\t\t\t8 vins ideals per acompanyar plats de la gastronomia mediterr\u00e0nia\t\t\t<\/a>\n\t\t<\/h3>\n\t\t\t\t<div class=\"elementor-post__excerpt\">\n\t\t\t<p>Et recomanem els vins perfectes per maridar els plats de Fancy.La gastronomia mediterr\u00e0nia \u00e9s coneguda a tot el m\u00f3n...<\/p>\n\t\t<\/div>\n\t\t\n\t\t<a class=\"elementor-post__read-more\" href=\"https:\/\/www.fancyrestaurant.es\/ca\/8-vinos-ideales-para-acompanar-platos-de-la-gastronomia-mediterranea\/\" aria-label=\"Read more about 8 vinos ideales para acompa\u00f1ar platos de la gastronom\u00eda mediterr\u00e1nea\" tabindex=\"-1\" >\n\t\t\tLlegir m\u00e9s\t\t<\/a>\n\n\t\t\t\t<\/div>\n\t\t\t\t<div class=\"elementor-post__meta-data\">\n\t\t\t\t\t<span class=\"elementor-post-date\">\n\t\t\t28 de juliol de 2023\t\t<\/span>\n\t\t\t\t<\/div>\n\t\t\t\t\t<\/div>\n\t\t<\/article>\n\t\t\t\t<article class=\"elementor-post elementor-grid-item post-507 post type-post status-publish format-standard has-post-thumbnail hentry category-uncategorized\" role=\"listitem\">\n\t\t\t<div class=\"elementor-post__card\">\n\t\t\t\t<a class=\"elementor-post__thumbnail__link\" href=\"https:\/\/www.fancyrestaurant.es\/ca\/mejores-calas-y-playas-para-disfrutar-en-el-estartit\/\" tabindex=\"-1\" ><div class=\"elementor-post__thumbnail\"><img loading=\"lazy\" decoding=\"async\" width=\"300\" height=\"164\" src=\"https:\/\/www.fancyrestaurant.es\/wp-content\/uploads\/2023\/07\/Diseno-sin-titulo-8-300x164.jpg\" class=\"attachment-medium size-medium wp-image-508\" alt=\"Playas y calas del estartit\" srcset=\"https:\/\/www.fancyrestaurant.es\/wp-content\/uploads\/2023\/07\/Diseno-sin-titulo-8-300x164.jpg 300w, https:\/\/www.fancyrestaurant.es\/wp-content\/uploads\/2023\/07\/Diseno-sin-titulo-8-1024x558.jpg 1024w, https:\/\/www.fancyrestaurant.es\/wp-content\/uploads\/2023\/07\/Diseno-sin-titulo-8-768x419.jpg 768w, https:\/\/www.fancyrestaurant.es\/wp-content\/uploads\/2023\/07\/Diseno-sin-titulo-8-18x10.jpg 18w, https:\/\/www.fancyrestaurant.es\/wp-content\/uploads\/2023\/07\/Diseno-sin-titulo-8.jpg 1238w\" sizes=\"(max-width: 300px) 100vw, 300px\" \/><\/div><\/a>\n\t\t\t\t<div class=\"elementor-post__text\">\n\t\t\t\t<h3 class=\"elementor-post__title\">\n\t\t\t<a href=\"https:\/\/www.fancyrestaurant.es\/ca\/mejores-calas-y-playas-para-disfrutar-en-el-estartit\/\" >\n\t\t\t\tMillors cales i platges per gaudir a l'Estartit\t\t\t<\/a>\n\t\t<\/h3>\n\t\t\t\t<div class=\"elementor-post__excerpt\">\n\t\t\t<p>L'Estartit, una vila costanera situada a la Costa Brava, \u00e9s la destinaci\u00f3 perfecta per gaudir de l'estiu. Els seus...<\/p>\n\t\t<\/div>\n\t\t\n\t\t<a class=\"elementor-post__read-more\" href=\"https:\/\/www.fancyrestaurant.es\/ca\/mejores-calas-y-playas-para-disfrutar-en-el-estartit\/\" aria-label=\"Read more about Mejores calas y playas para disfrutar en el Estartit\" tabindex=\"-1\" >\n\t\t\tLlegir m\u00e9s\t\t<\/a>\n\n\t\t\t\t<\/div>\n\t\t\t\t<div class=\"elementor-post__meta-data\">\n\t\t\t\t\t<span class=\"elementor-post-date\">\n\t\t\t25 de juny de 2023\t\t<\/span>\n\t\t\t\t<\/div>\n\t\t\t\t\t<\/div>\n\t\t<\/article>\n\t\t\t\t<article class=\"elementor-post elementor-grid-item post-459 post type-post status-publish format-standard has-post-thumbnail hentry category-uncategorized\" role=\"listitem\">\n\t\t\t<div class=\"elementor-post__card\">\n\t\t\t\t<a class=\"elementor-post__thumbnail__link\" href=\"https:\/\/www.fancyrestaurant.es\/ca\/los-secretos-de-la-paella-un-plato-imprescindible-con-variedades-para-todos-los-gustos\/\" tabindex=\"-1\" ><div class=\"elementor-post__thumbnail\"><img loading=\"lazy\" decoding=\"async\" width=\"300\" height=\"200\" src=\"https:\/\/www.fancyrestaurant.es\/wp-content\/uploads\/2023\/05\/foto-portada-300x200.jpeg\" class=\"attachment-medium size-medium wp-image-460\" alt=\"paella\" srcset=\"https:\/\/www.fancyrestaurant.es\/wp-content\/uploads\/2023\/05\/foto-portada-300x200.jpeg 300w, https:\/\/www.fancyrestaurant.es\/wp-content\/uploads\/2023\/05\/foto-portada-1024x683.jpeg 1024w, https:\/\/www.fancyrestaurant.es\/wp-content\/uploads\/2023\/05\/foto-portada-768x512.jpeg 768w, https:\/\/www.fancyrestaurant.es\/wp-content\/uploads\/2023\/05\/foto-portada-1536x1024.jpeg 1536w, https:\/\/www.fancyrestaurant.es\/wp-content\/uploads\/2023\/05\/foto-portada-2048x1365.jpeg 2048w, https:\/\/www.fancyrestaurant.es\/wp-content\/uploads\/2023\/05\/foto-portada-18x12.jpeg 18w\" sizes=\"(max-width: 300px) 100vw, 300px\" \/><\/div><\/a>\n\t\t\t\t<div class=\"elementor-post__text\">\n\t\t\t\t<h3 class=\"elementor-post__title\">\n\t\t\t<a href=\"https:\/\/www.fancyrestaurant.es\/ca\/los-secretos-de-la-paella-un-plato-imprescindible-con-variedades-para-todos-los-gustos\/\" >\n\t\t\t\tEls secrets de la paella: un plat imprescindible amb diverses varietats per a tots els gustos.\t\t\t<\/a>\n\t\t<\/h3>\n\t\t\t\t<div class=\"elementor-post__excerpt\">\n\t\t\t<p>La paella, un plat representatiu d'Espanya que ens reuneix en fam\u00edlia i amics, que convida a compartir<\/p>\n\t\t<\/div>\n\t\t\n\t\t<a class=\"elementor-post__read-more\" href=\"https:\/\/www.fancyrestaurant.es\/ca\/los-secretos-de-la-paella-un-plato-imprescindible-con-variedades-para-todos-los-gustos\/\" aria-label=\"Read more about Los secretos de la paella: un plato imprescindible con variedades para todos los gustos\" tabindex=\"-1\" >\n\t\t\tLlegir m\u00e9s\t\t<\/a>\n\n\t\t\t\t<\/div>\n\t\t\t\t<div class=\"elementor-post__meta-data\">\n\t\t\t\t\t<span class=\"elementor-post-date\">\n\t\t\t16 de maig de 2023\t\t<\/span>\n\t\t\t\t<\/div>\n\t\t\t\t\t<\/div>\n\t\t<\/article>\n\t\t\t\t<article class=\"elementor-post elementor-grid-item post-454 post type-post status-publish format-standard has-post-thumbnail hentry category-uncategorized\" role=\"listitem\">\n\t\t\t<div class=\"elementor-post__card\">\n\t\t\t\t<a class=\"elementor-post__thumbnail__link\" href=\"https:\/\/www.fancyrestaurant.es\/ca\/ventajas-y-beneficios-de-la-dieta-mediterranea-para-el-bienestar\/\" tabindex=\"-1\" ><div class=\"elementor-post__thumbnail\"><img loading=\"lazy\" decoding=\"async\" width=\"300\" height=\"199\" src=\"https:\/\/www.fancyrestaurant.es\/wp-content\/uploads\/2023\/04\/fancy-blog-300x199.jpg\" class=\"attachment-medium size-medium wp-image-455\" alt=\"dieta mediterr\u00e1nea\" srcset=\"https:\/\/www.fancyrestaurant.es\/wp-content\/uploads\/2023\/04\/fancy-blog-300x199.jpg 300w, https:\/\/www.fancyrestaurant.es\/wp-content\/uploads\/2023\/04\/fancy-blog-1024x679.jpg 1024w, https:\/\/www.fancyrestaurant.es\/wp-content\/uploads\/2023\/04\/fancy-blog-768x509.jpg 768w, https:\/\/www.fancyrestaurant.es\/wp-content\/uploads\/2023\/04\/fancy-blog-18x12.jpg 18w, https:\/\/www.fancyrestaurant.es\/wp-content\/uploads\/2023\/04\/fancy-blog.jpg 1048w\" sizes=\"(max-width: 300px) 100vw, 300px\" \/><\/div><\/a>\n\t\t\t\t<div class=\"elementor-post__text\">\n\t\t\t\t<h3 class=\"elementor-post__title\">\n\t\t\t<a href=\"https:\/\/www.fancyrestaurant.es\/ca\/ventajas-y-beneficios-de-la-dieta-mediterranea-para-el-bienestar\/\" >\n\t\t\t\tAvantatges i beneficis de la dieta mediterr\u00e0nia per al benestar\t\t\t<\/a>\n\t\t<\/h3>\n\t\t\t\t<div class=\"elementor-post__excerpt\">\n\t\t\t<p>La dieta mediterr\u00e0nia \u00e9s una de les m\u00e9s completes i saludables que existeixen. Es basa en el consum<\/p>\n\t\t<\/div>\n\t\t\n\t\t<a class=\"elementor-post__read-more\" href=\"https:\/\/www.fancyrestaurant.es\/ca\/ventajas-y-beneficios-de-la-dieta-mediterranea-para-el-bienestar\/\" aria-label=\"Read more about Ventajas y beneficios de la dieta mediterr\u00e1nea para el bienestar\" tabindex=\"-1\" >\n\t\t\tLlegir m\u00e9s\t\t<\/a>\n\n\t\t\t\t<\/div>\n\t\t\t\t<div class=\"elementor-post__meta-data\">\n\t\t\t\t\t<span class=\"elementor-post-date\">\n\t\t\t17 d'abril de 2023\t\t<\/span>\n\t\t\t\t<\/div>\n\t\t\t\t\t<\/div>\n\t\t<\/article>\n\t\t\t\t<\/div>\n\t\t\t\t\t<span class=\"e-load-more-spinner\">\n\t\t\t\t<i aria-hidden=\"true\" class=\"fas fa-spinner\"><\/i>\t\t\t<\/span>\n\t\t\n\t\t\t\t<div class=\"e-load-more-anchor\" data-page=\"1\" data-max-page=\"2\" data-next-page=\"https:\/\/www.fancyrestaurant.es\/ca\/wp-json\/wp\/v2\/pages\/341\/page\/2\/\"><\/div>\n\t\t\t\t<div class=\"e-load-more-message\"><\/div>\n\t\t\t\t\t\t<\/div>\n\t\t\t\t<\/div>\n\t\t\t\t\t<\/div>\n\t\t<\/div>\n\t\t\t\t\t<\/div>\n\t\t<\/section>\n\t\t\t\t<\/div>","protected":false},"excerpt":{"rendered":"<p>El nostre blog<\/p>","protected":false},"author":1,"featured_media":0,"parent":0,"menu_order":0,"comment_status":"closed","ping_status":"closed","template":"","meta":{"footnotes":""},"class_list":["post-341","page","type-page","status-publish","hentry"],"_links":{"self":[{"href":"https:\/\/www.fancyrestaurant.es\/ca\/wp-json\/wp\/v2\/pages\/341","targetHints":{"allow":["GET"]}}],"collection":[{"href":"https:\/\/www.fancyrestaurant.es\/ca\/wp-json\/wp\/v2\/pages"}],"about":[{"href":"https:\/\/www.fancyrestaurant.es\/ca\/wp-json\/wp\/v2\/types\/page"}],"author":[{"embeddable":true,"href":"https:\/\/www.fancyrestaurant.es\/ca\/wp-json\/wp\/v2\/users\/1"}],"replies":[{"embeddable":true,"href":"https:\/\/www.fancyrestaurant.es\/ca\/wp-json\/wp\/v2\/comments?post=341"}],"version-history":[{"count":19,"href":"https:\/\/www.fancyrestaurant.es\/ca\/wp-json\/wp\/v2\/pages\/341\/revisions"}],"predecessor-version":[{"id":538,"href":"https:\/\/www.fancyrestaurant.es\/ca\/wp-json\/wp\/v2\/pages\/341\/revisions\/538"}],"wp:attachment":[{"href":"https:\/\/www.fancyrestaurant.es\/ca\/wp-json\/wp\/v2\/media?parent=341"}],"curies":[{"name":"wp","href":"https:\/\/api.w.org\/{rel}","templated":true}]}}