{"id":17,"date":"2023-03-01T13:57:06","date_gmt":"2023-03-01T12:57:06","guid":{"rendered":"https:\/\/www.fancyrestaurant.es\/?page_id=17"},"modified":"2024-05-22T12:14:55","modified_gmt":"2024-05-22T10:14:55","slug":"nosotros","status":"publish","type":"page","link":"https:\/\/www.fancyrestaurant.es\/ca\/nosotros\/","title":{"rendered":"Nosaltres"},"content":{"rendered":"\t\t<div data-elementor-type=\"wp-page\" data-elementor-id=\"17\" class=\"elementor elementor-17\" data-elementor-post-type=\"page\">\n\t\t\t\t\t\t<section class=\"elementor-section elementor-top-section elementor-element elementor-element-3c9aa27 elementor-section-boxed elementor-section-height-default elementor-section-height-default\" data-id=\"3c9aa27\" data-element_type=\"section\" data-e-type=\"section\" data-settings=\"{&quot;background_background&quot;:&quot;slideshow&quot;,&quot;background_slideshow_gallery&quot;:[{&quot;id&quot;:173,&quot;url&quot;:&quot;https:\\\/\\\/www.fancyrestaurant.es\\\/wp-content\\\/uploads\\\/2023\\\/03\\\/fancy-nosotros-01.jpg&quot;},{&quot;id&quot;:174,&quot;url&quot;:&quot;https:\\\/\\\/www.fancyrestaurant.es\\\/wp-content\\\/uploads\\\/2023\\\/03\\\/fancy-nosotros-02.jpg&quot;}],&quot;background_slideshow_slide_duration&quot;:3000,&quot;background_slideshow_ken_burns&quot;:&quot;yes&quot;,&quot;background_slideshow_loop&quot;:&quot;yes&quot;,&quot;background_slideshow_slide_transition&quot;:&quot;fade&quot;,&quot;background_slideshow_transition_duration&quot;:500,&quot;background_slideshow_ken_burns_zoom_direction&quot;:&quot;in&quot;}\">\n\t\t\t\t\t\t<div class=\"elementor-container elementor-column-gap-default\">\n\t\t\t\t\t<div class=\"elementor-column elementor-col-100 elementor-top-column elementor-element elementor-element-02cd6d7\" data-id=\"02cd6d7\" data-element_type=\"column\" data-e-type=\"column\">\n\t\t\t<div class=\"elementor-widget-wrap elementor-element-populated\">\n\t\t\t\t\t\t<div class=\"elementor-element elementor-element-ed90092 elementor-widget elementor-widget-spacer\" data-id=\"ed90092\" data-element_type=\"widget\" data-e-type=\"widget\" data-widget_type=\"spacer.default\">\n\t\t\t\t<div class=\"elementor-widget-container\">\n\t\t\t\t\t\t\t<div class=\"elementor-spacer\">\n\t\t\t<div class=\"elementor-spacer-inner\"><\/div>\n\t\t<\/div>\n\t\t\t\t\t\t<\/div>\n\t\t\t\t<\/div>\n\t\t\t\t\t<\/div>\n\t\t<\/div>\n\t\t\t\t\t<\/div>\n\t\t<\/section>\n\t\t\t\t<section class=\"elementor-section elementor-top-section elementor-element elementor-element-b369412 elementor-section-boxed elementor-section-height-default elementor-section-height-default\" data-id=\"b369412\" data-element_type=\"section\" data-e-type=\"section\">\n\t\t\t\t\t\t<div class=\"elementor-container elementor-column-gap-default\">\n\t\t\t\t\t<div class=\"elementor-column elementor-col-50 elementor-top-column elementor-element elementor-element-e66c1e3\" data-id=\"e66c1e3\" data-element_type=\"column\" data-e-type=\"column\">\n\t\t\t<div class=\"elementor-widget-wrap elementor-element-populated\">\n\t\t\t\t\t\t<div class=\"elementor-element elementor-element-e051d71 animated-slow elementor-widget__width-auto elementor-invisible elementor-widget elementor-widget-heading\" data-id=\"e051d71\" data-element_type=\"widget\" data-e-type=\"widget\" data-settings=\"{&quot;_animation&quot;:&quot;fadeIn&quot;}\" data-widget_type=\"heading.default\">\n\t\t\t\t<div class=\"elementor-widget-container\">\n\t\t\t\t\t<h2 class=\"elementor-heading-title elementor-size-default\">Un restaurante <\/h2>\t\t\t\t<\/div>\n\t\t\t\t<\/div>\n\t\t\t\t<div class=\"elementor-element elementor-element-a5f5210 animated-slow elementor-widget__width-auto elementor-invisible elementor-widget elementor-widget-heading\" data-id=\"a5f5210\" data-element_type=\"widget\" data-e-type=\"widget\" data-settings=\"{&quot;_animation&quot;:&quot;fadeIn&quot;}\" data-widget_type=\"heading.default\">\n\t\t\t\t<div class=\"elementor-widget-container\">\n\t\t\t\t\t<h3 class=\"elementor-heading-title elementor-size-default\">  con 30 a\u00f1os de historia<\/h3>\t\t\t\t<\/div>\n\t\t\t\t<\/div>\n\t\t\t\t<div class=\"elementor-element elementor-element-2e3287c elementor-invisible elementor-widget elementor-widget-text-editor\" data-id=\"2e3287c\" data-element_type=\"widget\" data-e-type=\"widget\" data-settings=\"{&quot;_animation&quot;:&quot;fadeIn&quot;,&quot;_animation_delay&quot;:400}\" data-widget_type=\"text-editor.default\">\n\t\t\t\t<div class=\"elementor-widget-container\">\n\t\t\t\t\t\t\t\t\t<p><b>Fancy Restaurant Estartit lleva abierto m\u00e1s de 30 a\u00f1os,\u00a0<\/b>sirviendo una media de 150 comensales diarios durante los 6 meses de temporada, gracias a una \u00f3ptima relaci\u00f3n calidad-precio, y un servicio profesional y con experiencia. Nuestro personal habla holand\u00e9s, alem\u00e1n, italiano, franc\u00e9s, ingl\u00e9s, castellano y catal\u00e1n, y ofrece un servicio y atenci\u00f3n personalizada a cada cliente.\u00a0<\/p><h4>Un restaurante en constante actualizaci\u00f3n<\/h4><p>A\u00f1o tras a\u00f1o, vamos actualizando y modernizando el local, las t\u00e9cnicas culinarias y la tecnolog\u00eda en el servicio. Cada temporada actualizamos la carta y los men\u00fas, siempre manteniendo el toque tradicional y cl\u00e1sico que caracteriza a nuestro restaurante.\u00a0<\/p>\t\t\t\t\t\t\t\t<\/div>\n\t\t\t\t<\/div>\n\t\t\t\t\t<\/div>\n\t\t<\/div>\n\t\t\t\t<div class=\"elementor-column elementor-col-50 elementor-top-column elementor-element elementor-element-07ea475\" data-id=\"07ea475\" data-element_type=\"column\" data-e-type=\"column\">\n\t\t\t<div class=\"elementor-widget-wrap elementor-element-populated\">\n\t\t\t\t\t\t<div class=\"elementor-element elementor-element-8bf80e3 animated-slow elementor-widget__width-initial elementor-invisible elementor-widget elementor-widget-image\" data-id=\"8bf80e3\" data-element_type=\"widget\" data-e-type=\"widget\" data-settings=\"{&quot;_animation&quot;:&quot;fadeIn&quot;}\" data-widget_type=\"image.default\">\n\t\t\t\t<div class=\"elementor-widget-container\">\n\t\t\t\t\t\t\t\t\t\t\t\t\t\t\t<img fetchpriority=\"high\" decoding=\"async\" width=\"800\" height=\"508\" src=\"https:\/\/www.fancyrestaurant.es\/wp-content\/uploads\/2023\/03\/FANCY-historia-experiencia-30.jpg\" class=\"attachment-large size-large wp-image-111\" alt=\"\" srcset=\"https:\/\/www.fancyrestaurant.es\/wp-content\/uploads\/2023\/03\/FANCY-historia-experiencia-30.jpg 900w, https:\/\/www.fancyrestaurant.es\/wp-content\/uploads\/2023\/03\/FANCY-historia-experiencia-30-300x191.jpg 300w, https:\/\/www.fancyrestaurant.es\/wp-content\/uploads\/2023\/03\/FANCY-historia-experiencia-30-768x488.jpg 768w\" sizes=\"(max-width: 800px) 100vw, 800px\" \/>\t\t\t\t\t\t\t\t\t\t\t\t\t\t\t<\/div>\n\t\t\t\t<\/div>\n\t\t\t\t\t<\/div>\n\t\t<\/div>\n\t\t\t\t\t<\/div>\n\t\t<\/section>\n\t\t\t\t<section class=\"elementor-section elementor-top-section elementor-element elementor-element-1ed8f30 elementor-section-full_width elementor-section-height-default elementor-section-height-default\" data-id=\"1ed8f30\" data-element_type=\"section\" data-e-type=\"section\" data-settings=\"{&quot;background_background&quot;:&quot;classic&quot;}\">\n\t\t\t\t\t\t<div class=\"elementor-container elementor-column-gap-default\">\n\t\t\t\t\t<div class=\"elementor-column elementor-col-100 elementor-top-column elementor-element elementor-element-5ec2fb4\" data-id=\"5ec2fb4\" data-element_type=\"column\" data-e-type=\"column\">\n\t\t\t<div class=\"elementor-widget-wrap elementor-element-populated\">\n\t\t\t\t\t\t<div class=\"elementor-element elementor-element-5ba2b03 elementor-pagination-position-outside elementor-widget elementor-widget-image-carousel\" data-id=\"5ba2b03\" data-element_type=\"widget\" data-e-type=\"widget\" data-settings=\"{&quot;slides_to_show&quot;:&quot;4&quot;,&quot;slides_to_scroll&quot;:&quot;1&quot;,&quot;navigation&quot;:&quot;dots&quot;,&quot;autoplay_speed&quot;:2000,&quot;image_spacing_custom&quot;:{&quot;unit&quot;:&quot;px&quot;,&quot;size&quot;:4,&quot;sizes&quot;:[]},&quot;slides_to_show_tablet&quot;:&quot;3&quot;,&quot;slides_to_show_mobile&quot;:&quot;1&quot;,&quot;slides_to_scroll_tablet&quot;:&quot;1&quot;,&quot;autoplay&quot;:&quot;yes&quot;,&quot;pause_on_hover&quot;:&quot;yes&quot;,&quot;pause_on_interaction&quot;:&quot;yes&quot;,&quot;infinite&quot;:&quot;yes&quot;,&quot;speed&quot;:500,&quot;image_spacing_custom_tablet&quot;:{&quot;unit&quot;:&quot;px&quot;,&quot;size&quot;:&quot;&quot;,&quot;sizes&quot;:[]}}\" data-widget_type=\"image-carousel.default\">\n\t\t\t\t<div class=\"elementor-widget-container\">\n\t\t\t\t\t\t\t<div class=\"elementor-image-carousel-wrapper swiper\" role=\"region\" aria-roledescription=\"carousel\" aria-label=\"Carrusel de im\u00e1genes\" dir=\"ltr\">\n\t\t\t<div class=\"elementor-image-carousel swiper-wrapper swiper-image-stretch\" aria-live=\"off\">\n\t\t\t\t\t\t\t\t<div class=\"swiper-slide\" role=\"group\" aria-roledescription=\"slide\" aria-label=\"1 de 10\"><a data-elementor-open-lightbox=\"yes\" data-elementor-lightbox-slideshow=\"5ba2b03\" data-elementor-lightbox-title=\"1\" data-e-action-hash=\"#elementor-action%3Aaction%3Dlightbox%26settings%3DeyJpZCI6NjM3LCJ1cmwiOiJodHRwczpcL1wvd3d3LmZhbmN5cmVzdGF1cmFudC5lc1wvd3AtY29udGVudFwvdXBsb2Fkc1wvMjAyNFwvMDVcLzEuanBnIiwic2xpZGVzaG93IjoiNWJhMmIwMyJ9\" href=\"https:\/\/www.fancyrestaurant.es\/wp-content\/uploads\/2024\/05\/1.jpg\"><figure class=\"swiper-slide-inner\"><img decoding=\"async\" class=\"swiper-slide-image\" src=\"https:\/\/www.fancyrestaurant.es\/wp-content\/uploads\/2024\/05\/1.jpg\" alt=\"1\" \/><\/figure><\/a><\/div><div class=\"swiper-slide\" role=\"group\" aria-roledescription=\"slide\" aria-label=\"2 de 10\"><a data-elementor-open-lightbox=\"yes\" data-elementor-lightbox-slideshow=\"5ba2b03\" data-elementor-lightbox-title=\"2\" data-e-action-hash=\"#elementor-action%3Aaction%3Dlightbox%26settings%3DeyJpZCI6NjM4LCJ1cmwiOiJodHRwczpcL1wvd3d3LmZhbmN5cmVzdGF1cmFudC5lc1wvd3AtY29udGVudFwvdXBsb2Fkc1wvMjAyNFwvMDVcLzIuanBnIiwic2xpZGVzaG93IjoiNWJhMmIwMyJ9\" href=\"https:\/\/www.fancyrestaurant.es\/wp-content\/uploads\/2024\/05\/2.jpg\"><figure class=\"swiper-slide-inner\"><img decoding=\"async\" class=\"swiper-slide-image\" src=\"https:\/\/www.fancyrestaurant.es\/wp-content\/uploads\/2024\/05\/2.jpg\" alt=\"2\" \/><\/figure><\/a><\/div><div class=\"swiper-slide\" role=\"group\" aria-roledescription=\"slide\" aria-label=\"3 de 10\"><a data-elementor-open-lightbox=\"yes\" data-elementor-lightbox-slideshow=\"5ba2b03\" data-elementor-lightbox-title=\"5\" data-e-action-hash=\"#elementor-action%3Aaction%3Dlightbox%26settings%3DeyJpZCI6NjQwLCJ1cmwiOiJodHRwczpcL1wvd3d3LmZhbmN5cmVzdGF1cmFudC5lc1wvd3AtY29udGVudFwvdXBsb2Fkc1wvMjAyNFwvMDVcLzUuanBnIiwic2xpZGVzaG93IjoiNWJhMmIwMyJ9\" href=\"https:\/\/www.fancyrestaurant.es\/wp-content\/uploads\/2024\/05\/5.jpg\"><figure class=\"swiper-slide-inner\"><img decoding=\"async\" class=\"swiper-slide-image\" src=\"https:\/\/www.fancyrestaurant.es\/wp-content\/uploads\/2024\/05\/5.jpg\" alt=\"5\" \/><\/figure><\/a><\/div><div class=\"swiper-slide\" role=\"group\" aria-roledescription=\"slide\" aria-label=\"4 de 10\"><a data-elementor-open-lightbox=\"yes\" data-elementor-lightbox-slideshow=\"5ba2b03\" data-elementor-lightbox-title=\"6\" data-e-action-hash=\"#elementor-action%3Aaction%3Dlightbox%26settings%3DeyJpZCI6NjQxLCJ1cmwiOiJodHRwczpcL1wvd3d3LmZhbmN5cmVzdGF1cmFudC5lc1wvd3AtY29udGVudFwvdXBsb2Fkc1wvMjAyNFwvMDVcLzYuanBnIiwic2xpZGVzaG93IjoiNWJhMmIwMyJ9\" href=\"https:\/\/www.fancyrestaurant.es\/wp-content\/uploads\/2024\/05\/6.jpg\"><figure class=\"swiper-slide-inner\"><img decoding=\"async\" class=\"swiper-slide-image\" src=\"https:\/\/www.fancyrestaurant.es\/wp-content\/uploads\/2024\/05\/6.jpg\" alt=\"6\" \/><\/figure><\/a><\/div><div class=\"swiper-slide\" role=\"group\" aria-roledescription=\"slide\" aria-label=\"5 de 10\"><a data-elementor-open-lightbox=\"yes\" data-elementor-lightbox-slideshow=\"5ba2b03\" data-elementor-lightbox-title=\"9\" data-e-action-hash=\"#elementor-action%3Aaction%3Dlightbox%26settings%3DeyJpZCI6NjQyLCJ1cmwiOiJodHRwczpcL1wvd3d3LmZhbmN5cmVzdGF1cmFudC5lc1wvd3AtY29udGVudFwvdXBsb2Fkc1wvMjAyNFwvMDVcLzkuanBnIiwic2xpZGVzaG93IjoiNWJhMmIwMyJ9\" href=\"https:\/\/www.fancyrestaurant.es\/wp-content\/uploads\/2024\/05\/9.jpg\"><figure class=\"swiper-slide-inner\"><img decoding=\"async\" class=\"swiper-slide-image\" src=\"https:\/\/www.fancyrestaurant.es\/wp-content\/uploads\/2024\/05\/9.jpg\" alt=\"9\" \/><\/figure><\/a><\/div><div class=\"swiper-slide\" role=\"group\" aria-roledescription=\"slide\" aria-label=\"6 de 10\"><a data-elementor-open-lightbox=\"yes\" data-elementor-lightbox-slideshow=\"5ba2b03\" data-elementor-lightbox-title=\"11\" data-e-action-hash=\"#elementor-action%3Aaction%3Dlightbox%26settings%3DeyJpZCI6NjQ0LCJ1cmwiOiJodHRwczpcL1wvd3d3LmZhbmN5cmVzdGF1cmFudC5lc1wvd3AtY29udGVudFwvdXBsb2Fkc1wvMjAyNFwvMDVcLzExLmpwZyIsInNsaWRlc2hvdyI6IjViYTJiMDMifQ%3D%3D\" href=\"https:\/\/www.fancyrestaurant.es\/wp-content\/uploads\/2024\/05\/11.jpg\"><figure class=\"swiper-slide-inner\"><img decoding=\"async\" class=\"swiper-slide-image\" src=\"https:\/\/www.fancyrestaurant.es\/wp-content\/uploads\/2024\/05\/11.jpg\" alt=\"11\" \/><\/figure><\/a><\/div><div class=\"swiper-slide\" role=\"group\" aria-roledescription=\"slide\" aria-label=\"7 de 10\"><a data-elementor-open-lightbox=\"yes\" data-elementor-lightbox-slideshow=\"5ba2b03\" data-elementor-lightbox-title=\"12\" data-e-action-hash=\"#elementor-action%3Aaction%3Dlightbox%26settings%3DeyJpZCI6NjQ1LCJ1cmwiOiJodHRwczpcL1wvd3d3LmZhbmN5cmVzdGF1cmFudC5lc1wvd3AtY29udGVudFwvdXBsb2Fkc1wvMjAyNFwvMDVcLzEyLmpwZyIsInNsaWRlc2hvdyI6IjViYTJiMDMifQ%3D%3D\" href=\"https:\/\/www.fancyrestaurant.es\/wp-content\/uploads\/2024\/05\/12.jpg\"><figure class=\"swiper-slide-inner\"><img decoding=\"async\" class=\"swiper-slide-image\" src=\"https:\/\/www.fancyrestaurant.es\/wp-content\/uploads\/2024\/05\/12.jpg\" alt=\"12\" \/><\/figure><\/a><\/div><div class=\"swiper-slide\" role=\"group\" aria-roledescription=\"slide\" aria-label=\"8 de 10\"><a data-elementor-open-lightbox=\"yes\" data-elementor-lightbox-slideshow=\"5ba2b03\" data-elementor-lightbox-title=\"13\" data-e-action-hash=\"#elementor-action%3Aaction%3Dlightbox%26settings%3DeyJpZCI6NjQ2LCJ1cmwiOiJodHRwczpcL1wvd3d3LmZhbmN5cmVzdGF1cmFudC5lc1wvd3AtY29udGVudFwvdXBsb2Fkc1wvMjAyNFwvMDVcLzEzLmpwZyIsInNsaWRlc2hvdyI6IjViYTJiMDMifQ%3D%3D\" href=\"https:\/\/www.fancyrestaurant.es\/wp-content\/uploads\/2024\/05\/13.jpg\"><figure class=\"swiper-slide-inner\"><img decoding=\"async\" class=\"swiper-slide-image\" src=\"https:\/\/www.fancyrestaurant.es\/wp-content\/uploads\/2024\/05\/13.jpg\" alt=\"13\" \/><\/figure><\/a><\/div><div class=\"swiper-slide\" role=\"group\" aria-roledescription=\"slide\" aria-label=\"9 de 10\"><a data-elementor-open-lightbox=\"yes\" data-elementor-lightbox-slideshow=\"5ba2b03\" data-elementor-lightbox-title=\"18\" data-e-action-hash=\"#elementor-action%3Aaction%3Dlightbox%26settings%3DeyJpZCI6NjQ3LCJ1cmwiOiJodHRwczpcL1wvd3d3LmZhbmN5cmVzdGF1cmFudC5lc1wvd3AtY29udGVudFwvdXBsb2Fkc1wvMjAyNFwvMDVcLzE4LmpwZyIsInNsaWRlc2hvdyI6IjViYTJiMDMifQ%3D%3D\" href=\"https:\/\/www.fancyrestaurant.es\/wp-content\/uploads\/2024\/05\/18.jpg\"><figure class=\"swiper-slide-inner\"><img decoding=\"async\" class=\"swiper-slide-image\" src=\"https:\/\/www.fancyrestaurant.es\/wp-content\/uploads\/2024\/05\/18.jpg\" alt=\"18\" \/><\/figure><\/a><\/div><div class=\"swiper-slide\" role=\"group\" aria-roledescription=\"slide\" aria-label=\"10 de 10\"><a data-elementor-open-lightbox=\"yes\" data-elementor-lightbox-slideshow=\"5ba2b03\" data-elementor-lightbox-title=\"20\" data-e-action-hash=\"#elementor-action%3Aaction%3Dlightbox%26settings%3DeyJpZCI6NjQ4LCJ1cmwiOiJodHRwczpcL1wvd3d3LmZhbmN5cmVzdGF1cmFudC5lc1wvd3AtY29udGVudFwvdXBsb2Fkc1wvMjAyNFwvMDVcLzIwLmpwZyIsInNsaWRlc2hvdyI6IjViYTJiMDMifQ%3D%3D\" href=\"https:\/\/www.fancyrestaurant.es\/wp-content\/uploads\/2024\/05\/20.jpg\"><figure class=\"swiper-slide-inner\"><img decoding=\"async\" class=\"swiper-slide-image\" src=\"https:\/\/www.fancyrestaurant.es\/wp-content\/uploads\/2024\/05\/20.jpg\" alt=\"20\" \/><\/figure><\/a><\/div>\t\t\t<\/div>\n\t\t\t\t\t\t\t\n\t\t\t\t\t\t\t\t\t<div class=\"swiper-pagination\"><\/div>\n\t\t\t\t\t\t\t\t\t<\/div>\n\t\t\t\t\t\t<\/div>\n\t\t\t\t<\/div>\n\t\t\t\t\t<\/div>\n\t\t<\/div>\n\t\t\t\t\t<\/div>\n\t\t<\/section>\n\t\t\t\t<\/div>\n\t\t","protected":false},"excerpt":{"rendered":"<p>Un restaurante con 30 a\u00f1os de historia Fancy Restaurant Estartit lleva abierto m\u00e1s de 30 a\u00f1os,\u00a0sirviendo una media de 150 comensales diarios durante los 6 meses de temporada, gracias a una \u00f3ptima relaci\u00f3n calidad-precio, y un servicio profesional y con experiencia. Nuestro personal habla holand\u00e9s, alem\u00e1n, italiano, franc\u00e9s, ingl\u00e9s, castellano y catal\u00e1n, y ofrece un [&hellip;]<\/p>\n","protected":false},"author":1,"featured_media":0,"parent":0,"menu_order":0,"comment_status":"closed","ping_status":"closed","template":"","meta":{"footnotes":""},"class_list":["post-17","page","type-page","status-publish","hentry"],"_links":{"self":[{"href":"https:\/\/www.fancyrestaurant.es\/ca\/wp-json\/wp\/v2\/pages\/17","targetHints":{"allow":["GET"]}}],"collection":[{"href":"https:\/\/www.fancyrestaurant.es\/ca\/wp-json\/wp\/v2\/pages"}],"about":[{"href":"https:\/\/www.fancyrestaurant.es\/ca\/wp-json\/wp\/v2\/types\/page"}],"author":[{"embeddable":true,"href":"https:\/\/www.fancyrestaurant.es\/ca\/wp-json\/wp\/v2\/users\/1"}],"replies":[{"embeddable":true,"href":"https:\/\/www.fancyrestaurant.es\/ca\/wp-json\/wp\/v2\/comments?post=17"}],"version-history":[{"count":49,"href":"https:\/\/www.fancyrestaurant.es\/ca\/wp-json\/wp\/v2\/pages\/17\/revisions"}],"predecessor-version":[{"id":667,"href":"https:\/\/www.fancyrestaurant.es\/ca\/wp-json\/wp\/v2\/pages\/17\/revisions\/667"}],"wp:attachment":[{"href":"https:\/\/www.fancyrestaurant.es\/ca\/wp-json\/wp\/v2\/media?parent=17"}],"curies":[{"name":"wp","href":"https:\/\/api.w.org\/{rel}","templated":true}]}}